{"id":190,"date":"2015-01-30T13:58:37","date_gmt":"2015-01-30T13:58:37","guid":{"rendered":"http:\/\/www.studiomory.pl\/?page_id=190"},"modified":"2019-07-15T11:11:57","modified_gmt":"2019-07-15T12:11:57","slug":"parametry","status":"publish","type":"page","link":"http:\/\/www.studiomory.pl\/","title":{"rendered":"Parametry"},"content":{"rendered":"<ul>\n<li>Wymiary przestrzeni zdj\u0119ciowej 27\u00d736 m. <a href=\"http:\/\/serwer1406274.home.pl\/autoinstalator\/wordpress2\/wp-content\/uploads\/2014\/08\/DSC_7383.jpg\"><img loading=\"lazy\" decoding=\"async\" class=\" size-medium wp-image-138 alignright\" src=\"http:\/\/serwer1406274.home.pl\/autoinstalator\/wordpress2\/wp-content\/uploads\/2014\/08\/DSC_7383-199x300.jpg\" alt=\"DSC_7383\" width=\"199\" height=\"300\" srcset=\"http:\/\/serwer1406274.home.pl\/autoinstalator\/wordpress2\/wp-content\/uploads\/2014\/08\/DSC_7383-199x300.jpg 199w, http:\/\/serwer1406274.home.pl\/autoinstalator\/wordpress2\/wp-content\/uploads\/2014\/08\/DSC_7383.jpg 465w\" sizes=\"auto, (max-width: 199px) 100vw, 199px\" \/><\/a><\/li>\n<li>Rzut dla scenograf\u00f3w: <a href=\"http:\/\/serwer1406274.home.pl\/autoinstalator\/wordpress1\/blogs\/media\/studio_mory_rzut_hali.pdf\">rzut poziomy hali nr 1 w skali 1:100<\/a>.<\/li>\n<li>Minimalna wysoko\u015b\u0107 w obszarze przestrzeni zdj\u0119ciowej 7,50 m.<\/li>\n<li>Wysoko\u015b\u0107 od pod\u0142ogi do sufitu 8,90 m.<\/li>\n<li>Posadzka ze szlifowanego betonu o no\u015bno\u015bci 5t\/m2.<\/li>\n<li>Obszerne zaplecze na garderoby, charakteryzacj\u0119, dla agencji i klienta o \u0142\u0105cznej powierzchni 250 m2. <a href=\"http:\/\/serwer1406274.home.pl\/autoinstalator\/wordpress2\/wp-content\/uploads\/2015\/01\/Studio_Mory_pomieszczenia.pdf\">Rzut pomieszcze\u0144 na parterze budynku<\/a>.<\/li>\n<li>Wydajne ogrzewanie z automatyk\u0105, wentylacja. W pomieszczeniach zaplecza klimatyzacja.<\/li>\n<li>Parking dla 45 samochod\u00f3w osobowych + miejsca dla ci\u0119\u017ckich pojazd\u00f3w.<\/li>\n<li>\u0141\u0105cze \u015bwiat\u0142owodowe typu Metro Ethernet. WiFi w obiekcie.<\/li>\n<li>Dedykowane gniazdo na zewn\u0105trz do zasilania barobusu 63A.<\/li>\n<li>Zasilanie w hali 1\u00d7125A + 1\u00d763A + 1\u00d732A.<\/li>\n<li>Przydzia\u0142 mocy dla ca\u0142ego obiektu 123 kW.<\/li>\n<li>Ochrona i monitoring 24 godz.<\/li>\n<\/ul>\n","protected":false},"excerpt":{"rendered":"<p>Wymiary przestrzeni zdj\u0119ciowej 27\u00d736 m. Rzut dla scenograf\u00f3w: rzut poziomy hali nr 1 w skali 1:100. Minimalna wysoko\u015b\u0107 w obszarze przestrzeni zdj\u0119ciowej 7,50 m. Wysoko\u015b\u0107 od pod\u0142ogi do sufitu 8,90 m. Posadzka ze szlifowanego betonu o no\u015bno\u015bci 5t\/m2. Obszerne zaplecze na garderoby, charakteryzacj\u0119, dla agencji i klienta o \u0142\u0105cznej powierzchni 250 m2. Rzut pomieszcze\u0144 na [&hellip;]<\/p>\n","protected":false},"author":1,"featured_media":0,"parent":0,"menu_order":0,"comment_status":"open","ping_status":"open","template":"page-templates\/front-page.php","meta":{"footnotes":""},"class_list":["post-190","page","type-page","status-publish","hentry"],"_links":{"self":[{"href":"http:\/\/www.studiomory.pl\/index.php?rest_route=\/wp\/v2\/pages\/190","targetHints":{"allow":["GET"]}}],"collection":[{"href":"http:\/\/www.studiomory.pl\/index.php?rest_route=\/wp\/v2\/pages"}],"about":[{"href":"http:\/\/www.studiomory.pl\/index.php?rest_route=\/wp\/v2\/types\/page"}],"author":[{"embeddable":true,"href":"http:\/\/www.studiomory.pl\/index.php?rest_route=\/wp\/v2\/users\/1"}],"replies":[{"embeddable":true,"href":"http:\/\/www.studiomory.pl\/index.php?rest_route=%2Fwp%2Fv2%2Fcomments&post=190"}],"version-history":[{"count":9,"href":"http:\/\/www.studiomory.pl\/index.php?rest_route=\/wp\/v2\/pages\/190\/revisions"}],"predecessor-version":[{"id":230,"href":"http:\/\/www.studiomory.pl\/index.php?rest_route=\/wp\/v2\/pages\/190\/revisions\/230"}],"wp:attachment":[{"href":"http:\/\/www.studiomory.pl\/index.php?rest_route=%2Fwp%2Fv2%2Fmedia&parent=190"}],"curies":[{"name":"wp","href":"https:\/\/api.w.org\/{rel}","templated":true}]}}